{"id":19,"date":"2012-09-12T16:55:40","date_gmt":"2012-09-12T14:55:40","guid":{"rendered":"http:\/\/euskadi.partidoequo.es\/?page_id=19"},"modified":"2025-01-13T12:14:06","modified_gmt":"2025-01-13T11:14:06","slug":"contacto","status":"publish","type":"page","link":"https:\/\/euskadi.verdesequo.es\/EU\/contacto\/","title":{"rendered":"Kontaktua"},"content":{"rendered":"<p><iframe loading=\"lazy\" style=\"border: 0;\" src=\"https:\/\/www.google.com\/maps\/embed?pb=!1m18!1m12!1m3!1d2925.171335201902!2d-2.6860055845281683!3d42.8481152791571!2m3!1f0!2f0!3f0!3m2!1i1024!2i768!4f13.1!3m3!1m2!1s0xd4fc216a24a89a1%3A0x83b31ed71372fc15!2sCalle+Adriano+VI%2C+28%2C+01008+Vitoria-Gasteiz%2C+%C3%81lava!5e0!3m2!1ses!2ses!4v1537951897851\" width=\"600\" height=\"450\" frameborder=\"0\" allowfullscreen=\"allowfullscreen\"><\/iframe><\/p>\n<h2><strong>Adriano VI Kalea, 28, 01008 Vitoria-Gasteiz, Araba<\/strong><\/h2>\n<p dir=\"ltr\">Coportavoces:<\/p>\n<p dir=\"ltr\">Carmen Mu\u00f1oz\u00a0 \u00d3scar Fern\u00e1ndez<\/p>\n<p dir=\"ltr\"><a href=\"mailto:coportavocia.equoberdeak@partidoequo.es\" target=\"_blank\" rel=\"noopener noreferrer\">coportavocia.equoberdeak@<wbr \/>partidoequo.es<\/a> \/ <a href=\"mailto:bozeramaile.equoberdeak@partidoequo.es\" target=\"_blank\" rel=\"noopener noreferrer\">bozeramaile.equoberdeak@<wbr \/>partidoequo.es<\/a><\/p>\n<p>Comunicaci\u00f3n: Natalia Gonz\u00e1lez de Uriarte<\/p>\n<p><a href=\"mailto:komunikazioa.equoberdeak@partidoequo.es\"><span class=\"qu\" tabindex=\"-1\" role=\"gridcell\"><span class=\"go\">komunikazioa.equoberdeak@partidoequo.es<\/span><\/span><\/a><\/p>\n<p>Mail gen\u00e9rico<\/p>\n<p><a href=\"mailto:equoberdeak@partidoequo.es\">equoberdeak@partidoequo.es<\/a><\/p>\n<p>&nbsp;<\/p>\n<p><div class=\"caldera-grid\" id=\"caldera_form_2\" data-cf-ver=\"1.9.7\" data-cf-form-id=\"CF587c878f8b692\"><div id=\"caldera_notices_2\" data-spinner=\"https:\/\/euskadi.verdesequo.es\/wp-admin\/images\/spinner.gif\"><\/div><form data-instance=\"2\" class=\"CF587c878f8b692 caldera_forms_form cfajax-trigger\" method=\"POST\" enctype=\"multipart\/form-data\" id=\"CF587c878f8b692_2\" data-form-id=\"CF587c878f8b692\" aria-label=\"Contacto\" data-target=\"#caldera_notices_2\" data-template=\"#cfajax_CF587c878f8b692-tmpl\" data-cfajax=\"CF587c878f8b692\" data-load-element=\"_parent\" data-load-class=\"cf_processing\" data-post-disable=\"0\" data-action=\"cf_process_ajax_submit\" data-request=\"https:\/\/euskadi.verdesequo.es\/EU\/cf-api\/CF587c878f8b692\" data-hiderows=\"true\">\r\n<input type=\"hidden\" id=\"_cf_verify_CF587c878f8b692\" name=\"_cf_verify\" value=\"aa3a2d6538\"  data-nonce-time=\"1777264030\" \/><input type=\"hidden\" name=\"_wp_http_referer\" value=\"\/EU\/wp-json\/wp\/v2\/pages\/19\" \/><div id=\"cf2-CF587c878f8b692_2\"><\/div><input type=\"hidden\" name=\"_cf_frm_id\" value=\"CF587c878f8b692\">\r\n<input type=\"hidden\" name=\"_cf_frm_ct\" value=\"2\">\r\n<input type=\"hidden\" name=\"cfajax\" value=\"CF587c878f8b692\">\r\n<input type=\"hidden\" name=\"_cf_cr_pst\" value=\"19\">\r\n<div class=\"hide\" style=\"display:none; overflow:hidden;height:0;width:0;\">\r\n<label>Name<\/label><input type=\"text\" name=\"name\" value=\"\" autocomplete=\"off\">\r\n<\/div><div id=\"CF587c878f8b692_2-row-1\"  class=\"row  first_row\"><div  class=\"col-sm-12  single\"><div class=\"\"><p>Si quieres m\u00e1s informaci\u00f3n sobre el proyecto EQUO en Euskadi te puedes poner en contacto con nosotros completando el siguiente formulario:<\/p>\n<\/div><\/div><\/div><div id=\"CF587c878f8b692_2-row-2\"  class=\"row \"><div  class=\"col-sm-4  first_col\"><div data-field-wrapper=\"fld_8768091\" class=\"form-group\" id=\"fld_8768091_2-wrap\">\r\n\t<label id=\"fld_8768091Label\" for=\"fld_8768091_2\" class=\"control-label\">Nombre \/ Izena <span aria-hidden=\"true\" role=\"presentation\" class=\"field_required\" style=\"color:#ee0000;\">*<\/span><\/label>\r\n\t<div class=\"\">\r\n\t\t<input   required type=\"text\" data-field=\"fld_8768091\" class=\" form-control\" id=\"fld_8768091_2\" name=\"fld_8768091\" value=\"\" data-type=\"text\" aria-required=\"true\"   aria-labelledby=\"fld_8768091Label\" >\t\t\t<\/div>\r\n<\/div>\r\n<\/div><div  class=\"col-sm-8  last_col\"><div data-field-wrapper=\"fld_6009157\" class=\"form-group\" id=\"fld_6009157_2-wrap\">\r\n\t<label id=\"fld_6009157Label\" for=\"fld_6009157_2\" class=\"control-label\">Email <span aria-hidden=\"true\" role=\"presentation\" class=\"field_required\" style=\"color:#ee0000;\">*<\/span><\/label>\r\n\t<div class=\"\">\r\n\t\t<input   required type=\"email\" data-field=\"fld_6009157\" class=\" form-control\" id=\"fld_6009157_2\" name=\"fld_6009157\" value=\"\" data-type=\"email\" aria-required=\"true\"   aria-labelledby=\"fld_6009157Label\" >\t\t\t<\/div>\r\n<\/div>\r\n<\/div><\/div><div id=\"CF587c878f8b692_2-row-3\"  class=\"row \"><div  class=\"col-sm-12  single\"><\/div><\/div><div id=\"CF587c878f8b692_2-row-4\"  class=\"row \"><div  class=\"col-sm-12  single\"><div data-field-wrapper=\"fld_7683514\" class=\"form-group\" id=\"fld_7683514_2-wrap\">\r\n\t<label id=\"fld_7683514Label\" for=\"fld_7683514_2\" class=\"control-label\">Mensaje \/ Mezua <span aria-hidden=\"true\" role=\"presentation\" class=\"field_required\" style=\"color:#ee0000;\">*<\/span><\/label>\r\n\t<div class=\"\">\r\n\t\t<textarea name=\"fld_7683514\" value=\"\" data-field=\"fld_7683514\" class=\"form-control\" id=\"fld_7683514_2\" rows=\"7\"  required=\"required\"  aria-labelledby=\"fld_7683514Label\" ><\/textarea>\n\t\t\t<\/div>\r\n<\/div>\r\n<\/div><\/div><div id=\"CF587c878f8b692_2-row-5\"  class=\"row  last_row\"><div  class=\"col-sm-12  single\"><div data-field-wrapper=\"fld_7908577\" class=\"form-group\" id=\"fld_7908577_2-wrap\">\r\n<div class=\"\">\r\n\t<input  class=\"btn btn-default\" type=\"submit\" name=\"fld_7908577\" id=\"fld_7908577_2\" value=\"Enviar \/ Bidali\" data-field=\"fld_7908577\"  >\n<\/div>\r\n<\/div>\r\n\t<input class=\"button_trigger_2\" type=\"hidden\" name=\"fld_7908577\" id=\"fld_7908577_2_btn\" value=\"\" data-field=\"fld_7908577\"  \/>\n<\/div><\/div><\/form>\r\n<\/div>\r\n<\/p>","protected":false},"excerpt":{"rendered":"<p>Adriano VI Kalea, 28, 01008 Vitoria-Gasteiz, Araba Coportavoces: Carmen Mu\u00f1oz\u00a0 \u00d3scar Fern\u00e1ndez coportavocia.equoberdeak@partidoequo.es \/ bozeramaile.equoberdeak@partidoequo.es Comunicaci\u00f3n: Natalia Gonz\u00e1lez de Uriarte komunikazioa.equoberdeak@partidoequo.es Mail gen\u00e9rico equoberdeak@partidoequo.es &nbsp;<\/p>\n","protected":false},"author":1,"featured_media":0,"parent":0,"menu_order":5,"comment_status":"closed","ping_status":"open","template":"","meta":{"footnotes":""},"class_list":["post-19","page","type-page","status-publish","czr-hentry"],"aioseo_notices":[],"_links":{"self":[{"href":"https:\/\/euskadi.verdesequo.es\/EU\/wp-json\/wp\/v2\/pages\/19","targetHints":{"allow":["GET"]}}],"collection":[{"href":"https:\/\/euskadi.verdesequo.es\/EU\/wp-json\/wp\/v2\/pages"}],"about":[{"href":"https:\/\/euskadi.verdesequo.es\/EU\/wp-json\/wp\/v2\/types\/page"}],"author":[{"embeddable":true,"href":"https:\/\/euskadi.verdesequo.es\/EU\/wp-json\/wp\/v2\/users\/1"}],"replies":[{"embeddable":true,"href":"https:\/\/euskadi.verdesequo.es\/EU\/wp-json\/wp\/v2\/comments?post=19"}],"version-history":[{"count":20,"href":"https:\/\/euskadi.verdesequo.es\/EU\/wp-json\/wp\/v2\/pages\/19\/revisions"}],"predecessor-version":[{"id":65176,"href":"https:\/\/euskadi.verdesequo.es\/EU\/wp-json\/wp\/v2\/pages\/19\/revisions\/65176"}],"wp:attachment":[{"href":"https:\/\/euskadi.verdesequo.es\/EU\/wp-json\/wp\/v2\/media?parent=19"}],"curies":[{"name":"wp","href":"https:\/\/api.w.org\/{rel}","templated":true}]}}